{"id":10,"date":"2022-04-11T04:54:22","date_gmt":"2022-04-11T04:54:22","guid":{"rendered":"http:\/\/keepcroissant.com\/?page_id=10"},"modified":"2022-06-12T12:53:30","modified_gmt":"2022-06-12T12:53:30","slug":"refund_returns","status":"publish","type":"page","link":"https:\/\/shapesssyogawear.com\/en\/refund_returns\/","title":{"rendered":"Conditions de retour et remboursement"},"content":{"rendered":"<p>En application des articles L.221-18 et suivants du Code de la Consommation, le Client dispose d&#8217;un d\u00e9lai de quatorze (14) jours francs \u00e0 compter de la date de livraison de la Commande pour faire valoir son droit de r\u00e9tractation sur sa Commande.<\/p>\n\n\n\n<p>Ce d\u00e9lai court \u00e0 compter de la r\u00e9ception des Produits par le Client.<\/p>\n\n\n\n<p>Le Client devra joindre \u00e0 sa demande de r\u00e9tractation une copie de la facture ou tout autre \u00e9l\u00e9ment permettant d&#8217;identifier la Commande dont il s&#8217;agit, et son titulaire.<a><\/a><\/p>\n\n\n\n<p>RETOURS ET REMBOURSEMENTS :&nbsp;<\/p>\n\n\n\n<p>Les Produits doivent \u00eatre renvoy\u00e9s par le Client au plus tard dans les quatorze (14) jours suivant la communication de sa d\u00e9cision de se r\u00e9tracter.<\/p>\n\n\n\n<p>Le Produit doit \u00eatre renvoy\u00e9 par le Client dans son emballage d&#8217;origine ou tout emballage \u00e9quivalent et en parfait \u00e9tat (permettant une recommercialisation, n\u2019ayant \u00e9t\u00e9 ni port\u00e9, ni lav\u00e9), pour en demander l&#8217;\u00e9change, le remboursement ou un avoir sans p\u00e9nalit\u00e9.<\/p>\n\n\n\n<p>Si le colis est perdu ou endommag\u00e9 lors du retour produit, le co\u00fbt du dommage est \u00e0 la charge du Client.<\/p>\n\n\n\n<p>Les Produits qui ne seraient pas retourn\u00e9s dans les d\u00e9lais et conditions ci-dessus vis\u00e9es ne seront ni rembours\u00e9s ni \u00e9chang\u00e9s.<\/p>\n\n\n\n<p>L&#8217;adresse de retour est :<\/p>\n\n\n\n<p>SHAPESSS<\/p>\n\n\n\n<p>16 route de Tarbes&nbsp;<\/p>\n\n\n\n<p>65350 LASLADES<\/p>\n\n\n\n<p>FRANCE<\/p>\n\n\n\n<p>Conform\u00e9ment \u00e0 l\u2019article L. 221-24 du Code de commerce, SHAPESSS&nbsp;s\u2019engage \u00e0 rembourser les sommes encaiss\u00e9es au titre de la Commande ou Pr\u00e9commande dans un d\u00e9lai de quatorze (14) jours. Ce d\u00e9lai court \u00e0 compter de la premi\u00e8re des deux dates suivantes&nbsp;: (i) la r\u00e9ception des Produits retourn\u00e9s ou (ii) la r\u00e9ception de la preuve de l\u2019exp\u00e9dition des Produits par le Client.&nbsp;<\/p>\n\n\n\n<p>Le remboursement sera r\u00e9alis\u00e9 par cr\u00e9dit sur le compte bancaire du Client correspondant \u00e0 la carte bancaire ayant servi au paiement de la Commande ou Pr\u00e9commande. Si vous avez chang\u00e9 de compte bancaire, pensez \u00e0 donner vos nouvelles coordonn\u00e9es bancaires \u00e0 votre&nbsp;ancienne&nbsp;banque.<\/p>\n\n\n<h2>Need help ? Contactez nous !\u00a0<\/h2>\n\n\n<p>Contactez nous via email shapesss_keepcroissant@outlook.com, ou via instagram @shapesss__ . <\/p>","protected":false},"excerpt":{"rendered":"<p>En application des articles L.221-18 et suivants du Code de la Consommation, le Client dispose d&#8217;un d\u00e9lai de quatorze (14) jours francs \u00e0 compter de la date de livraison de la Commande pour faire valoir son droit de r\u00e9tractation sur sa Commande. Ce d\u00e9lai court \u00e0 compter de la r\u00e9ception des Produits par le Client. [&hellip;]<\/p>\n","protected":false},"author":2,"featured_media":0,"parent":0,"menu_order":0,"comment_status":"closed","ping_status":"closed","template":"","meta":{"nf_dc_page":"","_joinchat":[],"footnotes":""},"class_list":["post-10","page","type-page","status-publish","hentry"],"jetpack_sharing_enabled":true,"_links":{"self":[{"href":"https:\/\/shapesssyogawear.com\/en\/wp-json\/wp\/v2\/pages\/10","targetHints":{"allow":["GET"]}}],"collection":[{"href":"https:\/\/shapesssyogawear.com\/en\/wp-json\/wp\/v2\/pages"}],"about":[{"href":"https:\/\/shapesssyogawear.com\/en\/wp-json\/wp\/v2\/types\/page"}],"author":[{"embeddable":true,"href":"https:\/\/shapesssyogawear.com\/en\/wp-json\/wp\/v2\/users\/2"}],"replies":[{"embeddable":true,"href":"https:\/\/shapesssyogawear.com\/en\/wp-json\/wp\/v2\/comments?post=10"}],"version-history":[{"count":4,"href":"https:\/\/shapesssyogawear.com\/en\/wp-json\/wp\/v2\/pages\/10\/revisions"}],"predecessor-version":[{"id":1535,"href":"https:\/\/shapesssyogawear.com\/en\/wp-json\/wp\/v2\/pages\/10\/revisions\/1535"}],"wp:attachment":[{"href":"https:\/\/shapesssyogawear.com\/en\/wp-json\/wp\/v2\/media?parent=10"}],"curies":[{"name":"wp","href":"https:\/\/api.w.org\/{rel}","templated":true}]}}