{"id":376,"date":"2022-04-13T16:11:07","date_gmt":"2022-04-13T16:11:07","guid":{"rendered":"http:\/\/keepcroissant.com\/?page_id=376"},"modified":"2022-12-01T16:28:46","modified_gmt":"2022-12-01T16:28:46","slug":"qui-sommes-nous","status":"publish","type":"page","link":"https:\/\/shapesssyogawear.com\/en\/qui-sommes-nous\/","title":{"rendered":"Who Are We ?"},"content":{"rendered":"<div data-elementor-type=\"wp-page\" data-elementor-id=\"376\" class=\"elementor elementor-376\" data-elementor-post-type=\"page\">\n\t\t\t\t\t\t<section class=\"elementor-section elementor-top-section elementor-element elementor-element-5bd39f0 elementor-section-boxed elementor-section-height-default elementor-section-height-default\" data-id=\"5bd39f0\" data-element_type=\"section\" data-e-type=\"section\">\n\t\t\t\t\t\t<div class=\"elementor-container elementor-column-gap-default\">\n\t\t\t\t\t<div class=\"elementor-column elementor-col-100 elementor-top-column elementor-element elementor-element-194d32a\" data-id=\"194d32a\" data-element_type=\"column\" data-e-type=\"column\">\n\t\t\t<div class=\"elementor-widget-wrap elementor-element-populated\">\n\t\t\t\t\t\t<div class=\"elementor-element elementor-element-f25ab0a elementor-widget elementor-widget-text-editor\" data-id=\"f25ab0a\" data-element_type=\"widget\" data-e-type=\"widget\" data-widget_type=\"text-editor.default\">\n\t\t\t\t\t\t\t\t\t<h1 style=\"text-align: center;\">SHAPESSS<\/h1><div>\u00a0<\/div><div>\u00a0<\/div><p style=\"text-align: center;\">\u00a0<\/p><p style=\"text-align: center;\">\u00a0<\/p><p>SHAPESSS est une marque de v\u00eatements chill-wear pour vous tous qui veulent se sentir bien dans vos v\u00eatements. Adapt\u00e9s pour rester \u00e0 la maison, faire son march\u00e9 ou encore faire ses \u00e9tirements, tous nos v\u00eatements en plus d&#8217;\u00eatre confortables sont certifi\u00e9s\u00a0<span style=\"color: var( --e-global-color-secondary ); font-family: var( --e-global-typography-secondary-font-family ), Sans-serif; font-size: 1rem;\">Oeko tex\u00a0<\/span><span style=\"color: var( --e-global-color-secondary ); font-family: var( --e-global-typography-secondary-font-family ), Sans-serif; font-size: 1rem;\">et fabriqu\u00e9s avec un tissu naturel.<\/span><\/p><p>Qui suis-je? Je m&#8217;appelle Lilie, je suis fran\u00e7aise et originaire du Sud Ouest. A 30 ans pass\u00e9s je r\u00e9fl\u00e9chis\u00a0souvent comment am\u00e9liorer la fa\u00e7on de produire et de consommer des biens.\u00a0<span style=\"color: var( --e-global-color-secondary ); font-family: var( --e-global-typography-secondary-font-family ), Sans-serif; font-size: 1rem;\">Alors que\u00a0j&#8217;ai commenc\u00e9 \u00e0 faire de la m\u00e9ditation et du yoga. J&#8217;ai soudain r\u00e9alis\u00e9 \u00e0 quel point il \u00e9tait ridicule d&#8217;essayer de purifier mon esprit et d&#8217;obtenir la paix int\u00e9rieure tout en m&#8217;enveloppant dans un legging\u00a0en polyester. Comment ces leggings sont suppos\u00e9s m&#8217;apporter la paix int\u00e9rieure\u00a0lors de ma pratique si ils\u00a0sont produits de mani\u00e8re n\u00e9faste pour la soci\u00e9t\u00e9 et la plan\u00e8te ? Aussi je\u00a0choisissais souvent des leggings noirs ou enti\u00e8rement imprim\u00e9s car j&#8217;avais trop peur que le color\u00e9 laisse appara\u00eetre certaines parties de ma silhouette qui ne sont pas &#8220;belles&#8221;&#8230;<\/span><\/p><p>C&#8217;est ainsi qu&#8217;est n\u00e9\u00a0SHAPESSS avec 2 valeurs principales qui me sont ch\u00e8res : eco-responsable et body positive.<\/p><p>Et alors pourquoi le logo est un croissant ?\u00a0<span style=\"color: var( --e-global-color-secondary ); font-family: var( --e-global-typography-secondary-font-family ), Sans-serif; font-size: 1rem;\">Premi\u00e8rement car\u00a0<\/span><span style=\"color: var( --e-global-color-secondary ); font-family: var( --e-global-typography-secondary-font-family ), Sans-serif; font-size: 1rem;\"><span style=\"color: var( --e-global-color-secondary ); font-size: 1rem;\">je vois que la forme du croissant n&#8217;est jamais la\u00a0<\/span><\/span><span style=\"color: var( --e-global-color-secondary ); font-family: var( --e-global-typography-secondary-font-family ), Sans-serif; font-size: 1rem;\">m\u00eame<\/span><span style=\"color: var( --e-global-color-secondary ); font-family: var( --e-global-typography-secondary-font-family ), Sans-serif; font-size: 1rem;\"><span style=\"color: var( --e-global-color-secondary ); font-size: 1rem;\">, tout comme nos corps. Le croissant est l&#8217;affirmation que beaucoup de choses dans la nature n&#8217;ont pas une forme d\u00e9finie et normalis\u00e9e, TOUT COMME NOS CORPS\u00a0! Il y a des SHAPESSS (formes aves 3 &#8220;s&#8221; pour insister sur le pluriel), et toutes les SHAPESSS sont belles et normales comme pour les croissants !\u00a0<\/span><\/span><span style=\"color: var( --e-global-color-secondary ); font-family: var( --e-global-typography-secondary-font-family ), Sans-serif; font-size: 1rem;\">Deuxi\u00e8mement <\/span><span style=\"color: var( --e-global-color-secondary ); font-family: var( --e-global-typography-secondary-font-family ), Sans-serif; font-size: 1rem;\"><span style=\"color: var( --e-global-color-secondary ); font-size: 1rem;\">le croissant\u00a0<\/span><\/span><span style=\"color: var( --e-global-color-secondary ); font-family: var( --e-global-typography-secondary-font-family ), Sans-serif; font-size: 1rem;\">\u00e9videmment est le clin d&#8217;oeil fran\u00e7ais.\u00a0<\/span><span style=\"color: var( --e-global-color-secondary ); font-family: var( --e-global-typography-secondary-font-family ), Sans-serif; font-size: 1rem;\"><span style=\"color: var( --e-global-color-secondary ); font-size: 1rem;\">SHAPESSS est une jeune marque fran\u00e7aise aux valeurs \u00e9thiques \u00e9co-responsables et body positive.<\/span><\/span><\/p><p>SHAPESSS est l&#8217;expression positive de la nature \u00e0 travers notre corps et la prise de conscience de l&#8217;impact de la consommation sur notre plan\u00e8te.\u00a0<\/p>\t\t\t\t\t\t\t\t<\/div>\n\t\t\t\t\t<\/div>\n\t\t<\/div>\n\t\t\t\t\t<\/div>\n\t\t<\/section>\n\t\t\t\t<section class=\"elementor-section elementor-top-section elementor-element elementor-element-547f8e3 elementor-section-boxed elementor-section-height-default elementor-section-height-default\" data-id=\"547f8e3\" data-element_type=\"section\" data-e-type=\"section\">\n\t\t\t\t\t\t<div class=\"elementor-container elementor-column-gap-default\">\n\t\t\t\t\t<div class=\"elementor-column elementor-col-50 elementor-top-column elementor-element elementor-element-f16d0ee\" data-id=\"f16d0ee\" data-element_type=\"column\" data-e-type=\"column\">\n\t\t\t<div class=\"elementor-widget-wrap elementor-element-populated\">\n\t\t\t\t\t\t<div class=\"elementor-element elementor-element-70084f6 elementor-widget elementor-widget-image\" data-id=\"70084f6\" data-element_type=\"widget\" data-e-type=\"widget\" data-widget_type=\"image.default\">\n\t\t\t\t\t\t\t\t\t\t\t\t\t\t\t<img fetchpriority=\"high\" decoding=\"async\" width=\"270\" height=\"480\" src=\"https:\/\/i0.wp.com\/shapesssyogawear.com\/wp-content\/uploads\/2022\/04\/XSHE4255_480x480.png?fit=270%2C480&amp;ssl=1\" class=\"attachment-full size-full wp-image-378\" alt=\"\" srcset=\"https:\/\/i0.wp.com\/shapesssyogawear.com\/wp-content\/uploads\/2022\/04\/XSHE4255_480x480.png?w=270&amp;ssl=1 270w, https:\/\/i0.wp.com\/shapesssyogawear.com\/wp-content\/uploads\/2022\/04\/XSHE4255_480x480.png?resize=169%2C300&amp;ssl=1 169w\" sizes=\"(max-width: 270px) 100vw, 270px\" \/>\t\t\t\t\t\t\t\t\t\t\t\t\t\t\t<\/div>\n\t\t\t\t\t<\/div>\n\t\t<\/div>\n\t\t\t\t<div class=\"elementor-column elementor-col-50 elementor-top-column elementor-element elementor-element-b70eb22\" data-id=\"b70eb22\" data-element_type=\"column\" data-e-type=\"column\">\n\t\t\t<div class=\"elementor-widget-wrap elementor-element-populated\">\n\t\t\t\t\t\t<div class=\"elementor-element elementor-element-75052d9 elementor-widget elementor-widget-text-editor\" data-id=\"75052d9\" data-element_type=\"widget\" data-e-type=\"widget\" data-widget_type=\"text-editor.default\">\n\t\t\t\t\t\t\t\t\t<p>\u00a0<\/p><p>Nous pensons que la prise de conscience responsabilise les personnes. Obtenir une information transparente de la r\u00e9alit\u00e9 de production de nos v\u00eatements Shapesss, des cons\u00e9quences de la consommation de ceux ci et donner\u00a0le choix a nos clients est notre objectif premier.\u00a0<\/p><p>En faisant cela nous voulons vous garantir votre pouvoir de d\u00e9cider ce qui est le mieux en terme de consommation\u00a0pour vous.\u00a0<\/p><p>Et cela toujours en \u00e9tant le plus positifs possible !\u00a0<span style=\"color: var( --e-global-color-secondary ); font-family: var( --e-global-typography-secondary-font-family ), Sans-serif; font-size: 1rem;\">\u00a0#keepcroissant\u00a0<\/span><\/p><p><span style=\"color: var( --e-global-color-secondary ); font-family: var( --e-global-typography-secondary-font-family ), Sans-serif; font-size: 1rem;\">La Team Shapesss,\u00a0<\/span><span style=\"color: var( --e-global-color-secondary ); font-family: var( --e-global-typography-secondary-font-family ), Sans-serif; font-size: 1rem;\">Lilie et Vivi.<\/span><\/p><p>De nous \u00e0 vous, avec amour.\u00a0<\/p>\t\t\t\t\t\t\t\t<\/div>\n\t\t\t\t\t<\/div>\n\t\t<\/div>\n\t\t\t\t\t<\/div>\n\t\t<\/section>\n\t\t\t\t<\/div>","protected":false},"excerpt":{"rendered":"<p>SHAPESSS \u00a0\u00a0 \u00a0 \u00a0 SHAPESSS est une marque de v\u00eatements chill-wear pour vous tous qui veulent se sentir bien dans vos v\u00eatements. Adapt\u00e9s pour rester \u00e0 la maison, faire son march\u00e9 ou encore faire ses \u00e9tirements, tous nos v\u00eatements en plus d&#8217;\u00eatre confortables sont certifi\u00e9s\u00a0Oeko tex\u00a0et fabriqu\u00e9s avec un tissu naturel. Qui suis-je? Je m&#8217;appelle [&hellip;]<\/p>\n","protected":false},"author":1,"featured_media":0,"parent":0,"menu_order":0,"comment_status":"closed","ping_status":"closed","template":"","meta":{"nf_dc_page":"","_joinchat":[],"footnotes":""},"class_list":["post-376","page","type-page","status-publish","hentry"],"jetpack_sharing_enabled":true,"_links":{"self":[{"href":"https:\/\/shapesssyogawear.com\/en\/wp-json\/wp\/v2\/pages\/376","targetHints":{"allow":["GET"]}}],"collection":[{"href":"https:\/\/shapesssyogawear.com\/en\/wp-json\/wp\/v2\/pages"}],"about":[{"href":"https:\/\/shapesssyogawear.com\/en\/wp-json\/wp\/v2\/types\/page"}],"author":[{"embeddable":true,"href":"https:\/\/shapesssyogawear.com\/en\/wp-json\/wp\/v2\/users\/1"}],"replies":[{"embeddable":true,"href":"https:\/\/shapesssyogawear.com\/en\/wp-json\/wp\/v2\/comments?post=376"}],"version-history":[{"count":5,"href":"https:\/\/shapesssyogawear.com\/en\/wp-json\/wp\/v2\/pages\/376\/revisions"}],"predecessor-version":[{"id":2111,"href":"https:\/\/shapesssyogawear.com\/en\/wp-json\/wp\/v2\/pages\/376\/revisions\/2111"}],"wp:attachment":[{"href":"https:\/\/shapesssyogawear.com\/en\/wp-json\/wp\/v2\/media?parent=376"}],"curies":[{"name":"wp","href":"https:\/\/api.w.org\/{rel}","templated":true}]}}