{"id":1221,"date":"2022-05-22T06:56:29","date_gmt":"2022-05-22T06:56:29","guid":{"rendered":"https:\/\/keepcroissant.com\/?post_type=product&#038;p=1221"},"modified":"2026-01-29T12:42:58","modified_gmt":"2026-01-29T12:42:58","slug":"nin-bra-brassiere-maintien-dos-nageur","status":"publish","type":"product","link":"https:\/\/shapesssyogawear.com\/en\/product\/nin-bra-brassiere-maintien-dos-nageur\/","title":{"rendered":"LINE bra &#8211; Brassiere maintien"},"content":{"rendered":"","protected":false},"excerpt":{"rendered":"<div id=\"shopify-section-product-template\" class=\"shopify-section\">\n<div id=\"ProductSection-product-template\" class=\"product-template__container page-width\" data-section-id=\"product-template\" data-section-type=\"product\" data-enable-history-state=\"true\" data-ajax-enabled=\"true\">\n<div class=\"grid product-single product-single--medium-media\">\n<div class=\"grid__item medium-up--one-half\">\n<div class=\"product-single__description rte\">\n<p>La brassiere LINE bra est la brassiere pens\u00e9e pour assurer un parfait maintien!<br \/>\nWith its racer back for absolute support, its wide enveloping cut for extra comfort and its material in bamboo and eco-responsible Oeko Tex cotton, your chest will be pampered!<br \/>\nLINE bra peut \u00eatre port\u00e9e pour toute occasion : \u00e0 la maison, durant une\u00a0activit\u00e9\u00a0sportive, ou simplement au quotidien\u00a0!<\/p>\n<div>Characteristics :<\/div>\n<ul>\n<li>Comfort<\/li>\n<li>Chest Support<\/li>\n<li>Extra soft material<\/li>\n<li>Breathable material<\/li>\n<li>Hypoallergenic material<\/li>\n<li>Anti-bacterial material<\/li>\n<li>Eco-friendly cotton bamboo mix<\/li>\n<\/ul>\n<\/div>\n<\/div>\n<\/div>\n<\/div>\n<\/div>\n<div id=\"shopify-section-product-recommendations\" class=\"shopify-section\">\n<div class=\"page-width\" data-base-url=\"\/recommendations\/products\" data-product-id=\"7273088057501\" data-section-id=\"product-recommendations\" data-section-type=\"product-recommendations\">\n<div class=\"product-recommendations__inner\">\n<div class=\"section-header text-center\"><\/div>\n<\/div>\n<\/div>\n<\/div>","protected":false},"featured_media":443,"comment_status":"closed","ping_status":"closed","template":"","meta":{"nf_dc_page":"","_joinchat":[]},"product_brand":[],"product_cat":[19,66,15],"product_tag":[],"class_list":{"0":"post-1221","1":"product","2":"type-product","3":"status-publish","4":"has-post-thumbnail","6":"product_cat-top","7":"product_cat-topbra","8":"product_cat-uncategorized","9":"pa_color-bamboo","10":"pa_color-charcoal","11":"pa_color-chocolate","12":"pa_color-sable","13":"pa_color-storm","14":"pa_color-terra","15":"pa_size-l","16":"pa_size-m","17":"pa_size-s","18":"pa_size-xs","20":"first","21":"instock","22":"taxable","23":"shipping-taxable","24":"purchasable","25":"product-type-variable"},"jetpack_sharing_enabled":true,"_links":{"self":[{"href":"https:\/\/shapesssyogawear.com\/en\/wp-json\/wp\/v2\/product\/1221","targetHints":{"allow":["GET"]}}],"collection":[{"href":"https:\/\/shapesssyogawear.com\/en\/wp-json\/wp\/v2\/product"}],"about":[{"href":"https:\/\/shapesssyogawear.com\/en\/wp-json\/wp\/v2\/types\/product"}],"replies":[{"embeddable":true,"href":"https:\/\/shapesssyogawear.com\/en\/wp-json\/wp\/v2\/comments?post=1221"}],"version-history":[{"count":4,"href":"https:\/\/shapesssyogawear.com\/en\/wp-json\/wp\/v2\/product\/1221\/revisions"}],"predecessor-version":[{"id":3843,"href":"https:\/\/shapesssyogawear.com\/en\/wp-json\/wp\/v2\/product\/1221\/revisions\/3843"}],"wp:featuredmedia":[{"embeddable":true,"href":"https:\/\/shapesssyogawear.com\/en\/wp-json\/wp\/v2\/media\/443"}],"wp:attachment":[{"href":"https:\/\/shapesssyogawear.com\/en\/wp-json\/wp\/v2\/media?parent=1221"}],"wp:term":[{"taxonomy":"product_brand","embeddable":true,"href":"https:\/\/shapesssyogawear.com\/en\/wp-json\/wp\/v2\/product_brand?post=1221"},{"taxonomy":"product_cat","embeddable":true,"href":"https:\/\/shapesssyogawear.com\/en\/wp-json\/wp\/v2\/product_cat?post=1221"},{"taxonomy":"product_tag","embeddable":true,"href":"https:\/\/shapesssyogawear.com\/en\/wp-json\/wp\/v2\/product_tag?post=1221"}],"curies":[{"name":"wp","href":"https:\/\/api.w.org\/{rel}","templated":true}]}}