{"id":1257,"date":"2022-05-22T06:59:19","date_gmt":"2022-05-22T06:59:19","guid":{"rendered":"https:\/\/keepcroissant.com\/?post_type=product&#038;p=1257"},"modified":"2026-01-23T15:18:29","modified_gmt":"2026-01-23T15:18:29","slug":"sev-legging-legging-taille-super-haute-2","status":"publish","type":"product","link":"https:\/\/shapesssyogawear.com\/en\/product\/sev-legging-legging-taille-super-haute-2\/","title":{"rendered":"PURE leggings &#8211; Legging taille super haute"},"content":{"rendered":"","protected":false},"excerpt":{"rendered":"<div id=\"shopify-section-product-template\" class=\"shopify-section\">\n<div id=\"ProductSection-product-template\" class=\"product-template__container page-width\" data-section-id=\"product-template\" data-section-type=\"product\" data-enable-history-state=\"true\" data-ajax-enabled=\"true\">\n<div class=\"grid product-single product-single--medium-media\">\n<div class=\"grid__item medium-up--one-half\">\n<div class=\"product-single__description rte\">\n<div id=\"shopify-section-product-template\" class=\"shopify-section\">\n<div id=\"ProductSection-product-template\" class=\"product-template__container page-width\" data-section-id=\"product-template\" data-section-type=\"product\" data-enable-history-state=\"true\" data-ajax-enabled=\"true\">\n<div class=\"grid product-single product-single--medium-media\">\n<div class=\"grid__item medium-up--one-half\">\n<div class=\"product-single__description rte\">\n<p>Le legging PURE\u00a0est le legging pens\u00e9 pour\u00a0\u00eatre super confortable.<br \/>\nWith its super high waist for absolute support, its seamless construction at the front for extra comfort and its material in bamboo and eco-responsible Oeko Tex cotton, your body will feel so comfy<br \/>\nPURE leggings peut\u00a0\u00eatre port\u00e9 pour toute occasion : \u00e0 la maison, durant une\u00a0activit\u00e9\u00a0sportive, ou simplement au quotidien\u00a0!<\/p>\n<div>Characteristics :<\/div>\n<ul>\n<li>Comfort<\/li>\n<li>Chest Support<\/li>\n<li>Extra soft material<\/li>\n<li>Breathable material<\/li>\n<li>Hypoallergenic material<\/li>\n<li>Anti-bacterial material<\/li>\n<li>Eco-friendly cotton bamboo mix<\/li>\n<\/ul>\n<p>In the first photo, Alice is wearing a model S and is 1m60 tall.<\/p>\n<p>Our\u00a0<span style=\"caret-color: #000000;\">Clothing<\/span>\u00a0have no tags for better comfort.<\/p>\n<p>You will receive your product in eco friendly packaging. Returns are accepted within 15 days.<\/p>\n<\/div>\n<\/div>\n<\/div>\n<\/div>\n<\/div>\n<div id=\"shopify-section-product-recommendations\" class=\"shopify-section\">\n<div class=\"page-width\" data-base-url=\"\/recommendations\/products\" data-product-id=\"7154453282973\" data-section-id=\"product-recommendations\" data-section-type=\"product-recommendations\">\n<div class=\"product-recommendations__inner\">\n<div class=\"section-header text-center\"><\/div>\n<\/div>\n<\/div>\n<\/div>\n<\/div>\n<\/div>\n<\/div>\n<\/div>\n<\/div>","protected":false},"featured_media":2735,"comment_status":"open","ping_status":"closed","template":"","meta":{"nf_dc_page":"","_joinchat":[]},"product_brand":[],"product_cat":[20,15],"product_tag":[],"class_list":{"0":"post-1257","1":"product","2":"type-product","3":"status-publish","4":"has-post-thumbnail","6":"product_cat-bottoms","7":"product_cat-uncategorized","8":"pa_color-bamboo","9":"pa_color-chocolate","10":"pa_color-noir","11":"pa_color-sable","12":"pa_color-storm","13":"pa_color-terra","14":"pa_size-l","15":"pa_size-m","16":"pa_size-s","17":"pa_size-xl","18":"pa_size-xs","20":"first","21":"instock","22":"sold-individually","23":"taxable","24":"shipping-taxable","25":"purchasable","26":"product-type-variable","27":"has-default-attributes"},"jetpack_sharing_enabled":true,"_links":{"self":[{"href":"https:\/\/shapesssyogawear.com\/en\/wp-json\/wp\/v2\/product\/1257","targetHints":{"allow":["GET"]}}],"collection":[{"href":"https:\/\/shapesssyogawear.com\/en\/wp-json\/wp\/v2\/product"}],"about":[{"href":"https:\/\/shapesssyogawear.com\/en\/wp-json\/wp\/v2\/types\/product"}],"replies":[{"embeddable":true,"href":"https:\/\/shapesssyogawear.com\/en\/wp-json\/wp\/v2\/comments?post=1257"}],"version-history":[{"count":4,"href":"https:\/\/shapesssyogawear.com\/en\/wp-json\/wp\/v2\/product\/1257\/revisions"}],"predecessor-version":[{"id":3840,"href":"https:\/\/shapesssyogawear.com\/en\/wp-json\/wp\/v2\/product\/1257\/revisions\/3840"}],"wp:featuredmedia":[{"embeddable":true,"href":"https:\/\/shapesssyogawear.com\/en\/wp-json\/wp\/v2\/media\/2735"}],"wp:attachment":[{"href":"https:\/\/shapesssyogawear.com\/en\/wp-json\/wp\/v2\/media?parent=1257"}],"wp:term":[{"taxonomy":"product_brand","embeddable":true,"href":"https:\/\/shapesssyogawear.com\/en\/wp-json\/wp\/v2\/product_brand?post=1257"},{"taxonomy":"product_cat","embeddable":true,"href":"https:\/\/shapesssyogawear.com\/en\/wp-json\/wp\/v2\/product_cat?post=1257"},{"taxonomy":"product_tag","embeddable":true,"href":"https:\/\/shapesssyogawear.com\/en\/wp-json\/wp\/v2\/product_tag?post=1257"}],"curies":[{"name":"wp","href":"https:\/\/api.w.org\/{rel}","templated":true}]}}