{"id":1276,"date":"2022-05-22T06:59:21","date_gmt":"2022-05-22T06:59:21","guid":{"rendered":"https:\/\/keepcroissant.com\/?post_type=product&#038;p=1276"},"modified":"2025-07-09T04:30:42","modified_gmt":"2025-07-09T04:30:42","slug":"joy-set-ju-short-eti-top-2","status":"publish","type":"product","link":"https:\/\/shapesssyogawear.com\/en\/product\/joy-set-ju-short-eti-top-2\/","title":{"rendered":"ICONIC shorts set &#8211; EASE shorts + BOLD bra"},"content":{"rendered":"","protected":false},"excerpt":{"rendered":"<p>ICONIC shorts\u00a0set est le combo parfait \u00a0&#8220;moins c&#8217;est mieux&#8221; \u00a0: 1 short cycliste EASE shorts\u00a0taille extra haute\u00a0+ 1 top BOLD bra \u00e9chancr\u00e9 dans le dos. Avec le set ICONIC shorts montrez vos jambes et d\u00e9nudez votre dos !<\/p>\n<p>Disponible comme tous nos mod\u00e8les en 4 coloris : BAMBOU, TERRA, SABLE ou NOIR.<\/p>\n<p>In the first photo, the future mum is wearing her usual size M, our clothes are elastic enough to adapt to your body.<\/p>\n<p>Our Clothing have no tags for better comfort.<\/p>\n<p>For more details, we invite you to consult the individual product sheets.<\/p>\n<p>&nbsp;<\/p>","protected":false},"featured_media":2850,"comment_status":"open","ping_status":"closed","template":"","meta":{"nf_dc_page":"","_joinchat":[]},"product_brand":[],"product_cat":[40,15],"product_tag":[],"class_list":{"0":"post-1276","1":"product","2":"type-product","3":"status-publish","4":"has-post-thumbnail","6":"product_cat-set","7":"product_cat-uncategorized","9":"first","10":"instock","11":"taxable","12":"shipping-taxable","13":"purchasable","14":"product-type-woosb"},"jetpack_sharing_enabled":true,"_links":{"self":[{"href":"https:\/\/shapesssyogawear.com\/en\/wp-json\/wp\/v2\/product\/1276","targetHints":{"allow":["GET"]}}],"collection":[{"href":"https:\/\/shapesssyogawear.com\/en\/wp-json\/wp\/v2\/product"}],"about":[{"href":"https:\/\/shapesssyogawear.com\/en\/wp-json\/wp\/v2\/types\/product"}],"replies":[{"embeddable":true,"href":"https:\/\/shapesssyogawear.com\/en\/wp-json\/wp\/v2\/comments?post=1276"}],"version-history":[{"count":4,"href":"https:\/\/shapesssyogawear.com\/en\/wp-json\/wp\/v2\/product\/1276\/revisions"}],"predecessor-version":[{"id":3837,"href":"https:\/\/shapesssyogawear.com\/en\/wp-json\/wp\/v2\/product\/1276\/revisions\/3837"}],"wp:featuredmedia":[{"embeddable":true,"href":"https:\/\/shapesssyogawear.com\/en\/wp-json\/wp\/v2\/media\/2850"}],"wp:attachment":[{"href":"https:\/\/shapesssyogawear.com\/en\/wp-json\/wp\/v2\/media?parent=1276"}],"wp:term":[{"taxonomy":"product_brand","embeddable":true,"href":"https:\/\/shapesssyogawear.com\/en\/wp-json\/wp\/v2\/product_brand?post=1276"},{"taxonomy":"product_cat","embeddable":true,"href":"https:\/\/shapesssyogawear.com\/en\/wp-json\/wp\/v2\/product_cat?post=1276"},{"taxonomy":"product_tag","embeddable":true,"href":"https:\/\/shapesssyogawear.com\/en\/wp-json\/wp\/v2\/product_tag?post=1276"}],"curies":[{"name":"wp","href":"https:\/\/api.w.org\/{rel}","templated":true}]}}