{"id":1299,"date":"2022-05-22T07:14:57","date_gmt":"2022-05-22T07:14:57","guid":{"rendered":"https:\/\/keepcroissant.com\/?post_type=product&#038;p=1299"},"modified":"2025-04-05T12:41:40","modified_gmt":"2025-04-05T12:41:40","slug":"nina-bra-brassiere-zipper-dos-nageur","status":"publish","type":"product","link":"https:\/\/shapesssyogawear.com\/en\/product\/nina-bra-brassiere-zipper-dos-nageur\/","title":{"rendered":"ZIP bra &#8211; Brassi\u00e8re ouverture \u00e0 fermeture"},"content":{"rendered":"","protected":false},"excerpt":{"rendered":"<div id=\"shopify-section-product-template\" class=\"shopify-section\">\n<div id=\"ProductSection-product-template\" class=\"product-template__container page-width\" data-section-id=\"product-template\" data-section-type=\"product\" data-enable-history-state=\"true\" data-ajax-enabled=\"true\">\n<div class=\"grid product-single product-single--medium-media\">\n<div class=\"grid__item medium-up--one-half\">\n<div class=\"product-single__description rte\">\n<p><span style=\"color: #000000;\">La brassiere ZIP bra est le m\u00eame confort et le m\u00eame maintien que LINE bra mais avec le zipper \u00e0 l&#8217;avant pour l&#8217;enfiler tr\u00e8s facilement comme une veste ! Pratique !<\/span><br \/>\n<span style=\"color: #000000;\">With its racerback for absolute support, its wide enveloping cut for extra comfort and its material in bamboo and eco-responsible Oeko Tex cotton, your chest will be pampered!<\/span><\/p>\n<p>NINA can be worn for any #keepcroissant occasion, at home, during a sporting activity, or just everyday!<\/p>\n<p>Characteristics :<\/p>\n<div>\n<ul>\n<li>Comfort<\/li>\n<li>Chest Support<\/li>\n<li>Extra soft material<\/li>\n<li>Breathable material<\/li>\n<li>Hypoallergenic material<\/li>\n<li>Anti-bacterial material<\/li>\n<li>Eco-friendly cotton bamboo mix<\/li>\n<\/ul>\n<p>In the first photo, Sara wears a model M and usually wears 95B.<\/p>\n<p>You will receive your product in eco friendly packaging. Returns are accepted within 15 days.<\/p>\n<\/div>\n<p><span style=\"color: #000000;\">Our\u00a0<span style=\"caret-color: #000000;\">Clothing<\/span>\u00a0have no tags for better comfort.<\/span><\/p>\n<\/div>\n<\/div>\n<\/div>\n<\/div>\n<\/div>","protected":false},"featured_media":1318,"comment_status":"open","ping_status":"closed","template":"","meta":{"nf_dc_page":"","_joinchat":[]},"product_brand":[],"product_cat":[64,19,66,15],"product_tag":[],"class_list":{"0":"post-1299","1":"product","2":"type-product","3":"status-publish","4":"has-post-thumbnail","6":"product_cat-bra","7":"product_cat-top","8":"product_cat-topbra","9":"product_cat-uncategorized","10":"pa_color-bamboo","11":"pa_color-charcoal","12":"pa_color-chocolate","13":"pa_color-sable","14":"pa_color-storm","15":"pa_color-terra","16":"pa_size-l","17":"pa_size-m","18":"pa_size-s","20":"first","21":"instock","22":"taxable","23":"shipping-taxable","24":"purchasable","25":"product-type-variable"},"jetpack_sharing_enabled":true,"_links":{"self":[{"href":"https:\/\/shapesssyogawear.com\/en\/wp-json\/wp\/v2\/product\/1299","targetHints":{"allow":["GET"]}}],"collection":[{"href":"https:\/\/shapesssyogawear.com\/en\/wp-json\/wp\/v2\/product"}],"about":[{"href":"https:\/\/shapesssyogawear.com\/en\/wp-json\/wp\/v2\/types\/product"}],"replies":[{"embeddable":true,"href":"https:\/\/shapesssyogawear.com\/en\/wp-json\/wp\/v2\/comments?post=1299"}],"version-history":[{"count":6,"href":"https:\/\/shapesssyogawear.com\/en\/wp-json\/wp\/v2\/product\/1299\/revisions"}],"predecessor-version":[{"id":3827,"href":"https:\/\/shapesssyogawear.com\/en\/wp-json\/wp\/v2\/product\/1299\/revisions\/3827"}],"wp:featuredmedia":[{"embeddable":true,"href":"https:\/\/shapesssyogawear.com\/en\/wp-json\/wp\/v2\/media\/1318"}],"wp:attachment":[{"href":"https:\/\/shapesssyogawear.com\/en\/wp-json\/wp\/v2\/media?parent=1299"}],"wp:term":[{"taxonomy":"product_brand","embeddable":true,"href":"https:\/\/shapesssyogawear.com\/en\/wp-json\/wp\/v2\/product_brand?post=1299"},{"taxonomy":"product_cat","embeddable":true,"href":"https:\/\/shapesssyogawear.com\/en\/wp-json\/wp\/v2\/product_cat?post=1299"},{"taxonomy":"product_tag","embeddable":true,"href":"https:\/\/shapesssyogawear.com\/en\/wp-json\/wp\/v2\/product_tag?post=1299"}],"curies":[{"name":"wp","href":"https:\/\/api.w.org\/{rel}","templated":true}]}}