{"id":1986,"date":"2022-11-15T18:13:09","date_gmt":"2022-11-15T18:13:09","guid":{"rendered":"https:\/\/keepcroissant.com\/?post_type=product&#038;p=1986"},"modified":"2025-04-04T11:51:03","modified_gmt":"2025-04-04T11:51:03","slug":"jo-hoodie","status":"publish","type":"product","link":"https:\/\/shapesssyogawear.com\/en\/product\/jo-hoodie\/","title":{"rendered":"CHILL Hoodie &#8211; \u200eSweat \u00e0 capuche en coton bio, teinture naturelle"},"content":{"rendered":"","protected":false},"excerpt":{"rendered":"<p>CHILL hoodie est le sweat \u00e0 capuche en coton bio Shapesss !<br \/>\nCHILL hoodie est unisex, il ravira autant les femmes que les hommes et m\u00eames leurs enfants si la taille convient !<br \/>\nNotre incontournable CHILL hoodie est teint\u00e9 en mati\u00e8re naturelle issue de r\u00e9sidus de noix de coco. Ce proc\u00e9d\u00e9 nous permet d\u2019aller plus loin dans l\u2019\u00e9co-responsabilit\u00e9. En plus d\u2019\u00eatre certifi\u00e9 Oeko Tex comme tous nos v\u00eatements, JO est aussi certifi\u00e9 GOTS.<br \/>\nCHILL hoodie a une poche centrale \u00e0 l\u2019avant, une capuche et son int\u00e9rieur l\u00e9g\u00e8rement molletonn\u00e9, vous serez conquis !<\/p>\n<p>*Available only in natural coconut dye color.<\/p>","protected":false},"featured_media":3077,"comment_status":"closed","ping_status":"closed","template":"","meta":{"nf_dc_page":"","_joinchat":[]},"product_brand":[],"product_cat":[19,66,15],"product_tag":[],"class_list":{"0":"post-1986","1":"product","2":"type-product","3":"status-publish","4":"has-post-thumbnail","6":"product_cat-top","7":"product_cat-topbra","8":"product_cat-uncategorized","9":"pa_color-coco","10":"pa_size-l","11":"pa_size-m","12":"pa_size-s","13":"pa_size-xl","15":"first","16":"instock","17":"purchasable","18":"product-type-variable","19":"has-default-attributes"},"jetpack_sharing_enabled":true,"_links":{"self":[{"href":"https:\/\/shapesssyogawear.com\/en\/wp-json\/wp\/v2\/product\/1986","targetHints":{"allow":["GET"]}}],"collection":[{"href":"https:\/\/shapesssyogawear.com\/en\/wp-json\/wp\/v2\/product"}],"about":[{"href":"https:\/\/shapesssyogawear.com\/en\/wp-json\/wp\/v2\/types\/product"}],"replies":[{"embeddable":true,"href":"https:\/\/shapesssyogawear.com\/en\/wp-json\/wp\/v2\/comments?post=1986"}],"version-history":[{"count":5,"href":"https:\/\/shapesssyogawear.com\/en\/wp-json\/wp\/v2\/product\/1986\/revisions"}],"predecessor-version":[{"id":3823,"href":"https:\/\/shapesssyogawear.com\/en\/wp-json\/wp\/v2\/product\/1986\/revisions\/3823"}],"wp:featuredmedia":[{"embeddable":true,"href":"https:\/\/shapesssyogawear.com\/en\/wp-json\/wp\/v2\/media\/3077"}],"wp:attachment":[{"href":"https:\/\/shapesssyogawear.com\/en\/wp-json\/wp\/v2\/media?parent=1986"}],"wp:term":[{"taxonomy":"product_brand","embeddable":true,"href":"https:\/\/shapesssyogawear.com\/en\/wp-json\/wp\/v2\/product_brand?post=1986"},{"taxonomy":"product_cat","embeddable":true,"href":"https:\/\/shapesssyogawear.com\/en\/wp-json\/wp\/v2\/product_cat?post=1986"},{"taxonomy":"product_tag","embeddable":true,"href":"https:\/\/shapesssyogawear.com\/en\/wp-json\/wp\/v2\/product_tag?post=1986"}],"curies":[{"name":"wp","href":"https:\/\/api.w.org\/{rel}","templated":true}]}}