{"id":2581,"date":"2023-01-03T13:35:30","date_gmt":"2023-01-03T13:35:30","guid":{"rendered":"https:\/\/keepcroissant.com\/?post_type=product&#038;p=2581"},"modified":"2026-02-17T08:50:14","modified_gmt":"2026-02-17T08:50:14","slug":"boldbra_editionlimitee","status":"publish","type":"product","link":"https:\/\/shapesssyogawear.com\/en\/product\/boldbra_editionlimitee\/","title":{"rendered":"BOLD bra &#8211; Top brassi\u00e8re int\u00e9gr\u00e9e \u00e9chancr\u00e9 dans le dos  Edition limit\u00e9e"},"content":{"rendered":"","protected":false},"excerpt":{"rendered":"<div id=\"shopify-section-product-template\" class=\"shopify-section\">\n<div id=\"ProductSection-product-template\" class=\"product-template__container page-width\" data-section-id=\"product-template\" data-section-type=\"product\" data-enable-history-state=\"true\" data-ajax-enabled=\"true\">\n<div class=\"grid product-single product-single--medium-media\">\n<div class=\"grid__item medium-up--one-half\">\n<div class=\"product-single__description rte\">\n<p class=\"p1\">Le top BOLD bra est le confort original ! Avec son dos \u00e9chancr\u00e9, sa coupe crop et sa brassi\u00e8re int\u00e9gr\u00e9e, votre buste sera confortable et maintenu ! BOLD bra se porte en toute occasion #keepcroissant, \u00e0 la maison, lors d&#8217;une activit\u00e9 sportive douce, ou tout simplement au quotidien !<\/p>\n<p class=\"p2\">Features<\/p>\n<ul class=\"ul1\">\n<li class=\"li2\">Comfort<\/li>\n<li class=\"li2\">Chest Support<\/li>\n<li class=\"li2\">Extra soft material<\/li>\n<li class=\"li2\">Breathable material<\/li>\n<li class=\"li2\">Hypoallergenic material<\/li>\n<li class=\"li2\">Anti-bacterial material<\/li>\n<li class=\"li2\">Eco-responsible bamboo\/cotton material<\/li>\n<\/ul>\n<p>You will receive your product in eco friendly packaging. Returns are accepted within 15 days.<\/p>\n<\/div>\n<\/div>\n<\/div>\n<\/div>\n<\/div>\n<div id=\"shopify-section-product-recommendations\" class=\"shopify-section\">\n<div class=\"page-width\" data-base-url=\"\/recommendations\/products\" data-product-id=\"7273088057501\" data-section-id=\"product-recommendations\" data-section-type=\"product-recommendations\">\n<div class=\"product-recommendations__inner\">\n<div class=\"section-header text-center\"><\/div>\n<\/div>\n<\/div>\n<\/div>","protected":false},"featured_media":2691,"comment_status":"open","ping_status":"closed","template":"","meta":{"nf_dc_page":"","_joinchat":[]},"product_brand":[],"product_cat":[19,66,15],"product_tag":[],"class_list":{"0":"post-2581","1":"product","2":"type-product","3":"status-publish","4":"has-post-thumbnail","6":"product_cat-top","7":"product_cat-topbra","8":"product_cat-uncategorized","9":"pa_color-chocolate","10":"pa_color-storm","11":"pa_size-l","12":"pa_size-m","13":"pa_size-s","14":"pa_size-xs","16":"first","17":"instock","18":"taxable","19":"shipping-taxable","20":"purchasable","21":"product-type-simple"},"jetpack_sharing_enabled":true,"_links":{"self":[{"href":"https:\/\/shapesssyogawear.com\/en\/wp-json\/wp\/v2\/product\/2581","targetHints":{"allow":["GET"]}}],"collection":[{"href":"https:\/\/shapesssyogawear.com\/en\/wp-json\/wp\/v2\/product"}],"about":[{"href":"https:\/\/shapesssyogawear.com\/en\/wp-json\/wp\/v2\/types\/product"}],"replies":[{"embeddable":true,"href":"https:\/\/shapesssyogawear.com\/en\/wp-json\/wp\/v2\/comments?post=2581"}],"version-history":[{"count":4,"href":"https:\/\/shapesssyogawear.com\/en\/wp-json\/wp\/v2\/product\/2581\/revisions"}],"predecessor-version":[{"id":3896,"href":"https:\/\/shapesssyogawear.com\/en\/wp-json\/wp\/v2\/product\/2581\/revisions\/3896"}],"wp:featuredmedia":[{"embeddable":true,"href":"https:\/\/shapesssyogawear.com\/en\/wp-json\/wp\/v2\/media\/2691"}],"wp:attachment":[{"href":"https:\/\/shapesssyogawear.com\/en\/wp-json\/wp\/v2\/media?parent=2581"}],"wp:term":[{"taxonomy":"product_brand","embeddable":true,"href":"https:\/\/shapesssyogawear.com\/en\/wp-json\/wp\/v2\/product_brand?post=2581"},{"taxonomy":"product_cat","embeddable":true,"href":"https:\/\/shapesssyogawear.com\/en\/wp-json\/wp\/v2\/product_cat?post=2581"},{"taxonomy":"product_tag","embeddable":true,"href":"https:\/\/shapesssyogawear.com\/en\/wp-json\/wp\/v2\/product_tag?post=2581"}],"curies":[{"name":"wp","href":"https:\/\/api.w.org\/{rel}","templated":true}]}}