{"id":2777,"date":"2023-05-08T15:22:28","date_gmt":"2023-05-08T15:22:28","guid":{"rendered":"https:\/\/www.keepcroissant.com\/product\/soso-chaussettes-antiderapantes\/"},"modified":"2025-04-05T12:46:00","modified_gmt":"2025-04-05T12:46:00","slug":"soso-chaussettes-antiderapantes","status":"publish","type":"product","link":"https:\/\/shapesssyogawear.com\/en\/product\/soso-chaussettes-antiderapantes\/","title":{"rendered":"GRIP chaussettes antid\u00e9rapantes"},"content":{"rendered":"","protected":false},"excerpt":{"rendered":"<p>Les chaussettes Shapesss en plus d&#8217;\u00eatre en 100% coton bio naturel sont super douces et antid\u00e9rapantes. Id\u00e9ales pour les pieds frileux pendant votre s\u00e9ance de yoga ou pil\u00e2tes, mais aussi pour tra\u00eener \u00e0 la maison en chaussettes GRIP !<\/p>\n<p>#keepcroissant<\/p>","protected":false},"featured_media":3585,"comment_status":"open","ping_status":"closed","template":"","meta":{"nf_dc_page":"","_joinchat":[]},"product_brand":[],"product_cat":[93,85],"product_tag":[],"class_list":{"0":"post-2777","1":"product","2":"type-product","3":"status-publish","4":"has-post-thumbnail","6":"product_cat-accesories","7":"product_cat-special-edition","8":"pa_color-charcoal","9":"pa_color-sable","11":"first","12":"instock","13":"purchasable","14":"product-type-variable"},"jetpack_sharing_enabled":true,"_links":{"self":[{"href":"https:\/\/shapesssyogawear.com\/en\/wp-json\/wp\/v2\/product\/2777","targetHints":{"allow":["GET"]}}],"collection":[{"href":"https:\/\/shapesssyogawear.com\/en\/wp-json\/wp\/v2\/product"}],"about":[{"href":"https:\/\/shapesssyogawear.com\/en\/wp-json\/wp\/v2\/types\/product"}],"replies":[{"embeddable":true,"href":"https:\/\/shapesssyogawear.com\/en\/wp-json\/wp\/v2\/comments?post=2777"}],"version-history":[{"count":4,"href":"https:\/\/shapesssyogawear.com\/en\/wp-json\/wp\/v2\/product\/2777\/revisions"}],"predecessor-version":[{"id":3820,"href":"https:\/\/shapesssyogawear.com\/en\/wp-json\/wp\/v2\/product\/2777\/revisions\/3820"}],"wp:featuredmedia":[{"embeddable":true,"href":"https:\/\/shapesssyogawear.com\/en\/wp-json\/wp\/v2\/media\/3585"}],"wp:attachment":[{"href":"https:\/\/shapesssyogawear.com\/en\/wp-json\/wp\/v2\/media?parent=2777"}],"wp:term":[{"taxonomy":"product_brand","embeddable":true,"href":"https:\/\/shapesssyogawear.com\/en\/wp-json\/wp\/v2\/product_brand?post=2777"},{"taxonomy":"product_cat","embeddable":true,"href":"https:\/\/shapesssyogawear.com\/en\/wp-json\/wp\/v2\/product_cat?post=2777"},{"taxonomy":"product_tag","embeddable":true,"href":"https:\/\/shapesssyogawear.com\/en\/wp-json\/wp\/v2\/product_tag?post=2777"}],"curies":[{"name":"wp","href":"https:\/\/api.w.org\/{rel}","templated":true}]}}