{"id":3096,"date":"2023-11-15T09:32:46","date_gmt":"2023-11-15T09:32:46","guid":{"rendered":"https:\/\/www.keepcroissant.com\/?post_type=product&#038;p=3096"},"modified":"2025-04-04T11:41:59","modified_gmt":"2025-04-04T11:41:59","slug":"ana-legging","status":"publish","type":"product","link":"https:\/\/shapesssyogawear.com\/en\/product\/ana-legging\/","title":{"rendered":"FLARE Leggings"},"content":{"rendered":"","protected":false},"excerpt":{"rendered":"<p>Plongez dans le confort ultime avec notre nouveau legging FLARE en lyocell de bambou et coton biologique. Sa coupe \u00e9largie aux jambes offre une \u00e9l\u00e9gance d\u00e9contract\u00e9e, tandis que la douceur exceptionnelle de notre tissu habituel vous enveloppe de bien-\u00eatre. Certifi\u00e9 Oeko-Tex pour votre tranquillit\u00e9 d&#8217;esprit, ce legging \u00e9cologique allie style et durabilit\u00e9. Optez pour le confort responsable avec notre collection, o\u00f9 le confort rencontre la conscience environnementale<\/p>","protected":false},"featured_media":3586,"comment_status":"closed","ping_status":"closed","template":"","meta":{"nf_dc_page":"","_joinchat":[]},"product_brand":[],"product_cat":[20],"product_tag":[],"class_list":{"0":"post-3096","1":"product","2":"type-product","3":"status-publish","4":"has-post-thumbnail","6":"product_cat-bottoms","7":"pa_color-marble-grey","8":"pa_color-olive-green","9":"pa_size-l","10":"pa_size-m","11":"pa_size-s","12":"pa_size-xl","13":"pa_size-xs","15":"first","16":"instock","17":"taxable","18":"shipping-taxable","19":"purchasable","20":"product-type-variable"},"jetpack_sharing_enabled":true,"_links":{"self":[{"href":"https:\/\/shapesssyogawear.com\/en\/wp-json\/wp\/v2\/product\/3096","targetHints":{"allow":["GET"]}}],"collection":[{"href":"https:\/\/shapesssyogawear.com\/en\/wp-json\/wp\/v2\/product"}],"about":[{"href":"https:\/\/shapesssyogawear.com\/en\/wp-json\/wp\/v2\/types\/product"}],"replies":[{"embeddable":true,"href":"https:\/\/shapesssyogawear.com\/en\/wp-json\/wp\/v2\/comments?post=3096"}],"version-history":[{"count":5,"href":"https:\/\/shapesssyogawear.com\/en\/wp-json\/wp\/v2\/product\/3096\/revisions"}],"predecessor-version":[{"id":4012,"href":"https:\/\/shapesssyogawear.com\/en\/wp-json\/wp\/v2\/product\/3096\/revisions\/4012"}],"wp:featuredmedia":[{"embeddable":true,"href":"https:\/\/shapesssyogawear.com\/en\/wp-json\/wp\/v2\/media\/3586"}],"wp:attachment":[{"href":"https:\/\/shapesssyogawear.com\/en\/wp-json\/wp\/v2\/media?parent=3096"}],"wp:term":[{"taxonomy":"product_brand","embeddable":true,"href":"https:\/\/shapesssyogawear.com\/en\/wp-json\/wp\/v2\/product_brand?post=3096"},{"taxonomy":"product_cat","embeddable":true,"href":"https:\/\/shapesssyogawear.com\/en\/wp-json\/wp\/v2\/product_cat?post=3096"},{"taxonomy":"product_tag","embeddable":true,"href":"https:\/\/shapesssyogawear.com\/en\/wp-json\/wp\/v2\/product_tag?post=3096"}],"curies":[{"name":"wp","href":"https:\/\/api.w.org\/{rel}","templated":true}]}}