{"id":3108,"date":"2023-11-15T09:52:24","date_gmt":"2023-11-15T09:52:24","guid":{"rendered":"https:\/\/www.keepcroissant.com\/?post_type=product&#038;p=3108"},"modified":"2025-04-04T08:54:39","modified_gmt":"2025-04-04T08:54:39","slug":"jane-top","status":"publish","type":"product","link":"https:\/\/shapesssyogawear.com\/en\/product\/jane-top\/","title":{"rendered":"WARM bra _ top manches longues brassiere integree"},"content":{"rendered":"","protected":false},"excerpt":{"rendered":"<p>D\u00e9couvrez notre top manches longues WARM bra, confectionn\u00e9 comme toujours en lyocell de bambou et coton biologique. Dot\u00e9 d&#8217;une ouverture respirante dans le dos, ce top allie \u00e9l\u00e9gance et confort exceptionnel. WARM bra a une brassi\u00e8re int\u00e9gr\u00e9e pour un maintien absolu telle une seconde peau. Nos tissus, certifi\u00e9s Oeko-Tex, sont le gage de produits respectueux de l&#8217;environnement. Optez pour le style sans compromis avec WARM bra, o\u00f9 la qualit\u00e9 rencontre le bien-\u00eatre, le tout dans une d\u00e9marche \u00e9coresponsable.<\/p>","protected":false},"featured_media":3293,"comment_status":"closed","ping_status":"closed","template":"","meta":{"nf_dc_page":"","_joinchat":[]},"product_brand":[],"product_cat":[19,66],"product_tag":[],"class_list":{"0":"post-3108","1":"product","2":"type-product","3":"status-publish","4":"has-post-thumbnail","6":"product_cat-top","7":"product_cat-topbra","8":"pa_color-marble-grey","9":"pa_color-olive-green","10":"pa_size-l","11":"pa_size-m","12":"pa_size-s","13":"pa_size-xl","14":"pa_size-xs","16":"first","17":"instock","18":"taxable","19":"shipping-taxable","20":"purchasable","21":"product-type-variable"},"jetpack_sharing_enabled":true,"_links":{"self":[{"href":"https:\/\/shapesssyogawear.com\/en\/wp-json\/wp\/v2\/product\/3108","targetHints":{"allow":["GET"]}}],"collection":[{"href":"https:\/\/shapesssyogawear.com\/en\/wp-json\/wp\/v2\/product"}],"about":[{"href":"https:\/\/shapesssyogawear.com\/en\/wp-json\/wp\/v2\/types\/product"}],"replies":[{"embeddable":true,"href":"https:\/\/shapesssyogawear.com\/en\/wp-json\/wp\/v2\/comments?post=3108"}],"version-history":[{"count":5,"href":"https:\/\/shapesssyogawear.com\/en\/wp-json\/wp\/v2\/product\/3108\/revisions"}],"predecessor-version":[{"id":3814,"href":"https:\/\/shapesssyogawear.com\/en\/wp-json\/wp\/v2\/product\/3108\/revisions\/3814"}],"wp:featuredmedia":[{"embeddable":true,"href":"https:\/\/shapesssyogawear.com\/en\/wp-json\/wp\/v2\/media\/3293"}],"wp:attachment":[{"href":"https:\/\/shapesssyogawear.com\/en\/wp-json\/wp\/v2\/media?parent=3108"}],"wp:term":[{"taxonomy":"product_brand","embeddable":true,"href":"https:\/\/shapesssyogawear.com\/en\/wp-json\/wp\/v2\/product_brand?post=3108"},{"taxonomy":"product_cat","embeddable":true,"href":"https:\/\/shapesssyogawear.com\/en\/wp-json\/wp\/v2\/product_cat?post=3108"},{"taxonomy":"product_tag","embeddable":true,"href":"https:\/\/shapesssyogawear.com\/en\/wp-json\/wp\/v2\/product_tag?post=3108"}],"curies":[{"name":"wp","href":"https:\/\/api.w.org\/{rel}","templated":true}]}}