{"id":450,"date":"2022-04-15T10:52:24","date_gmt":"2022-04-15T10:52:24","guid":{"rendered":"http:\/\/keepcroissant.com\/?post_type=product&#038;p=450"},"modified":"2026-04-10T09:38:13","modified_gmt":"2026-04-10T09:38:13","slug":"bold-bra-top-echancre-dans-le-dos","status":"publish","type":"product","link":"https:\/\/shapesssyogawear.com\/en\/product\/bold-bra-top-echancre-dans-le-dos\/","title":{"rendered":"BOLD bra"},"content":{"rendered":"","protected":false},"excerpt":{"rendered":"<div id=\"shopify-section-product-template\" class=\"shopify-section\">\n<div id=\"ProductSection-product-template\" class=\"product-template__container page-width\" data-section-id=\"product-template\" data-section-type=\"product\" data-enable-history-state=\"true\" data-ajax-enabled=\"true\">\n<div class=\"grid product-single product-single--medium-media\">\n<div class=\"grid__item medium-up--one-half\">\n<div class=\"product-single__description rte\">\n<p class=\"p1\">Le top BOLD bra est\u00a0le confort original ! Avec son dos \u00e9chancr\u00e9, sa coupe crop top et sa brassi\u00e8re int\u00e9gr\u00e9e,\u00a0votre buste sera confortable et maintenu ! BOLD bra se porte en toute occasion : \u00e0 la maison, lors d&#8217;une activit\u00e9 sportive douce, ou tout simplement au quotidien !<\/p>\n<p class=\"p2\">Features<\/p>\n<ul class=\"ul1\">\n<li class=\"li2\">Comfort<\/li>\n<li class=\"li2\">Chest Support<\/li>\n<li class=\"li2\">Extra soft material<\/li>\n<li class=\"li2\">Breathable material<\/li>\n<li class=\"li2\">Hypoallergenic material<\/li>\n<li class=\"li2\">Anti-bacterial material<\/li>\n<li class=\"li2\">Eco-responsible bamboo\/cotton material<\/li>\n<\/ul>\n<\/div>\n<\/div>\n<\/div>\n<\/div>\n<\/div>\n<div id=\"shopify-section-product-recommendations\" class=\"shopify-section\">\n<div class=\"page-width\" data-base-url=\"\/recommendations\/products\" data-product-id=\"7273088057501\" data-section-id=\"product-recommendations\" data-section-type=\"product-recommendations\">\n<div class=\"product-recommendations__inner\">\n<div class=\"section-header text-center\"><\/div>\n<\/div>\n<\/div>\n<\/div>","protected":false},"featured_media":2801,"comment_status":"open","ping_status":"closed","template":"","meta":{"nf_dc_page":"","_joinchat":[]},"product_brand":[],"product_cat":[19,66,15],"product_tag":[],"class_list":{"0":"post-450","1":"product","2":"type-product","3":"status-publish","4":"has-post-thumbnail","6":"product_cat-top","7":"product_cat-topbra","8":"product_cat-uncategorized","9":"pa_color-bamboo","10":"pa_color-chocolate","11":"pa_color-marble-grey","12":"pa_color-noir","13":"pa_color-olive-green","14":"pa_color-sable","15":"pa_color-storm","16":"pa_color-terra","17":"pa_size-l","18":"pa_size-m","19":"pa_size-s","20":"pa_size-xl","21":"pa_size-xs","23":"first","24":"instock","25":"taxable","26":"shipping-taxable","27":"purchasable","28":"product-type-variable","29":"has-default-attributes"},"jetpack_sharing_enabled":true,"_links":{"self":[{"href":"https:\/\/shapesssyogawear.com\/en\/wp-json\/wp\/v2\/product\/450","targetHints":{"allow":["GET"]}}],"collection":[{"href":"https:\/\/shapesssyogawear.com\/en\/wp-json\/wp\/v2\/product"}],"about":[{"href":"https:\/\/shapesssyogawear.com\/en\/wp-json\/wp\/v2\/types\/product"}],"replies":[{"embeddable":true,"href":"https:\/\/shapesssyogawear.com\/en\/wp-json\/wp\/v2\/comments?post=450"}],"version-history":[{"count":5,"href":"https:\/\/shapesssyogawear.com\/en\/wp-json\/wp\/v2\/product\/450\/revisions"}],"predecessor-version":[{"id":1462,"href":"https:\/\/shapesssyogawear.com\/en\/wp-json\/wp\/v2\/product\/450\/revisions\/1462"}],"wp:featuredmedia":[{"embeddable":true,"href":"https:\/\/shapesssyogawear.com\/en\/wp-json\/wp\/v2\/media\/2801"}],"wp:attachment":[{"href":"https:\/\/shapesssyogawear.com\/en\/wp-json\/wp\/v2\/media?parent=450"}],"wp:term":[{"taxonomy":"product_brand","embeddable":true,"href":"https:\/\/shapesssyogawear.com\/en\/wp-json\/wp\/v2\/product_brand?post=450"},{"taxonomy":"product_cat","embeddable":true,"href":"https:\/\/shapesssyogawear.com\/en\/wp-json\/wp\/v2\/product_cat?post=450"},{"taxonomy":"product_tag","embeddable":true,"href":"https:\/\/shapesssyogawear.com\/en\/wp-json\/wp\/v2\/product_tag?post=450"}],"curies":[{"name":"wp","href":"https:\/\/api.w.org\/{rel}","templated":true}]}}